{"id":15,"date":"2016-09-28T11:32:04","date_gmt":"2016-09-28T09:32:04","guid":{"rendered":"http:\/\/raumausstattung-boeckmann.de\/wordpress\/?page_id=15"},"modified":"2023-03-09T10:36:00","modified_gmt":"2023-03-09T09:36:00","slug":"referenzen","status":"publish","type":"page","link":"http:\/\/raumausstattung-boeckmann.de\/en\/portfolio\/","title":{"rendered":"Portfolio"},"content":{"rendered":"<p class=\"qtranxs-available-languages-message qtranxs-available-languages-message-en\">Sorry, this entry is only available in <a href=\"http:\/\/raumausstattung-boeckmann.de\/de\/wp-json\/wp\/v2\/pages\/15\" class=\"qtranxs-available-language-link qtranxs-available-language-link-de\" title=\"Deutsch\">German<\/a>. For the sake of viewer convenience, the content is shown below in the alternative language. You may click the link to switch the active language.<\/p><p><\/p>\n<h2>Kompetenz in Sachen Raumausstattung<\/h2>\n<p>Das st\u00e4ndige Bem\u00fchen, h\u00f6chsten Anspr\u00fcchen gerecht zu werden, f\u00fchrte uns zur Zusammenarbeit mit namhaften Partnern wie Jab, Vorwerk, Erfal u.v.a. Damit wird der Erfurter Handwerksbetrieb zu einem ausgesprochen vielseitigen Dienstleister f\u00fcr Privatkunden, Institutionen, Hotel und Gastronomie bundesweit.<\/p>\n<p>Wir erarbeiten f\u00fcr Sie individuelle L\u00f6sungen, die speziell f\u00fcr Sie abgestimmt sind, die anschlie\u00dfend\u00a0durch\u00a0unser\u00a0handwerkliches Fachpersonal praxisgerecht\u00a0umgesetzt\u00a0\u00a0werden.<\/p>\n<p>Beraten wird nicht nur der Privatkunde, auch im Objektbereich hat die Firma Raumausstattung B\u00f6ckmann bereits viele Auftr\u00e4ge kompetent und meisterhaft ausgef\u00fchrt.<\/p>\n<p><strong><u>Hier finden Sie ausgew\u00e4hlte Referenzen<\/u><\/strong><strong>:<\/strong><\/p>\n<ul>\n<li>Th\u00fcringer Landtag<\/li>\n<li>Th\u00fcringer Staatskanzlei<\/li>\n<li>Th\u00fcringer Wirtschaftsministerium<\/li>\n<li>Kaisersaal Erfurt<\/li>\n<li>G\u00f6bel&#8217; s Schlo\u00dfhotel Prinz von Hessen<\/li>\n<li>Hotel Amalienhof Weimar<\/li>\n<li>Krankenh\u00e4user, Zahnarzt- und Arztpraxen<\/li>\n<li>und viele, viele treue Privatkunden<\/li>\n<\/ul>\n<p><\/p>","protected":false},"excerpt":{"rendered":"<p>Sorry, this entry is only available in German. For the sake of viewer convenience, the content is shown below in the alternative language. You may click the link to switch the active language. Kompetenz in Sachen Raumausstattung Das st\u00e4ndige Bem\u00fchen, h\u00f6chsten Anspr\u00fcchen gerecht zu werden,&#8230;<\/p>\n","protected":false},"author":1,"featured_media":0,"parent":0,"menu_order":0,"comment_status":"closed","ping_status":"closed","template":"","meta":[],"_links":{"self":[{"href":"http:\/\/raumausstattung-boeckmann.de\/en\/wp-json\/wp\/v2\/pages\/15"}],"collection":[{"href":"http:\/\/raumausstattung-boeckmann.de\/en\/wp-json\/wp\/v2\/pages"}],"about":[{"href":"http:\/\/raumausstattung-boeckmann.de\/en\/wp-json\/wp\/v2\/types\/page"}],"author":[{"embeddable":true,"href":"http:\/\/raumausstattung-boeckmann.de\/en\/wp-json\/wp\/v2\/users\/1"}],"replies":[{"embeddable":true,"href":"http:\/\/raumausstattung-boeckmann.de\/en\/wp-json\/wp\/v2\/comments?post=15"}],"version-history":[{"count":36,"href":"http:\/\/raumausstattung-boeckmann.de\/en\/wp-json\/wp\/v2\/pages\/15\/revisions"}],"predecessor-version":[{"id":990,"href":"http:\/\/raumausstattung-boeckmann.de\/en\/wp-json\/wp\/v2\/pages\/15\/revisions\/990"}],"wp:attachment":[{"href":"http:\/\/raumausstattung-boeckmann.de\/en\/wp-json\/wp\/v2\/media?parent=15"}],"curies":[{"name":"wp","href":"https:\/\/api.w.org\/{rel}","templated":true}]}}