{"id":173,"date":"2016-09-29T18:47:52","date_gmt":"2016-09-29T16:47:52","guid":{"rendered":"http:\/\/raumausstattung-boeckmann.de\/?page_id=173"},"modified":"2023-03-08T10:28:17","modified_gmt":"2023-03-08T09:28:17","slug":"impressum","status":"publish","type":"page","link":"http:\/\/raumausstattung-boeckmann.de\/en\/about\/","title":{"rendered":"About"},"content":{"rendered":"<p>\u00a0<\/p>\n<h2>Impressum<\/h2>\n<p><strong>Der Polster-&amp; Dekorateur- Meister\u2028 Dieter B\u00f6ckmann<\/strong><br \/>Charlottenstra\u00dfe 9<br \/>99096 Erfurt<br \/>Telefon: +49 361\u00a0 3451703<br \/>Telefax: +49 361\u00a0 6449117<br \/>E-Mail:\u00a0\u00a0 info@raumausstattung-boeckmann.de<br \/>Internet: www.raumausstattung-boeckmann.de<br \/>Umsatzsteuer-Identifikationsnummer gem. \u00a727a UStG: USt-IdNr.: DE 150225264<\/p>\n<p>\u00a0<\/p>\n<p><strong>Bildnachweise<\/strong><br \/>Logo: Scholz Concept Design<br \/>Hintergrund Sidebar: Adobe Stock<\/p>\n<p>Startseite:<br \/>Slider: H\u00f6pke GmbH, JAB Joseph Anstoetz KG, Erfal GmbH, Vorwerk &amp; Co. Teppichwerke GmbH &amp; Co. KG, Hotel Landwehrbr\u00e4u<br \/>Teaser: Adobe Stock, Dieter B\u00f6ckmann<br \/>Coverboxen: H\u00f6pke GmbH, JAB Joseph Anstoetz KG, Erfal GmbH, Essener<br \/>Tapeten-Import-Gesellschaft mbH, Dieter B\u00f6ckmann<\/p>\n<p>Unterseiten:<br \/>Leistungen, Polsterei, Kontakt, Impressum: Adobe Stock<br \/>Bodenbel\u00e4ge: Vorwerk &amp; Co. Teppichwerke GmbH &amp; Co. KG<br \/>Dekorationen: JAB Joseph Anstoetz KG<br \/>Sonnenschutz: Erfal GmbH<br \/>Wandbespannung: Essener<br \/>Tapeten-Import-Gesellschaft mbH<br \/>Beratung, Referenzen, \u00dcber uns: Dieter B\u00f6ckmann<\/p>\n<p>Dieses Projekt wird von der Europ\u00e4ischen Union (EFRE) und dem Freistaat Th\u00fcringen (Th\u00fcringer Ministerium f\u00fcr Wirtschaft, Wissenschaft und Digitale Gesellschaft) kofinanziert.<\/p>\n<p><a href=\"_wp_link_placeholder\" data-wplink-edit=\"true\">http:\/\/www.thueringen.de\/th6\/tmwwdg\/index.aspx<\/a><\/p>\n<h2>About this company<\/h2>\n<p>Information pursuant to Section 5, German Telemedia Act (TMG):<br \/><strong>Der Polster-&amp; Dekorateur- Meister\u2028 Dieter B\u00f6ckmann<\/strong><br \/>Charlottenstra\u00dfe 9<br \/>99096 Erfurt<br \/>Telefon: +49 361\u00a0 3451703<br \/>Telefax: +49 361\u00a0 6449117<br \/>E-Mail:\u00a0\u00a0 info@raumausstattung-boeckmann.de<br \/>Internet: www.raumausstattung-boeckmann.de<\/p>\n<div>VAT ID: Turnover tax identification number pursuant to<\/div>\n<div>Section 27a of the German Turnover Tax Law (UStG): USt-IdNr.: DE 150225264<\/div>\n<p><strong>Credits<\/strong><br \/>Logo: Scholz Concept Design<br \/>Background Sidebar: Adobe Stock<\/p>\n<p>Home:<br \/>Slider: H\u00f6pke GmbH, JAB Joseph Anstoetz KG, Erfal GmbH, Vorwerk &amp; Co. Teppichwerke GmbH &amp; Co. KG, Hotel Landwehrbr\u00e4u<br \/>Teaser: Adobe Stock, Dieter B\u00f6ckmann<br \/>Coverboxes: H\u00f6pke GmbH, JAB Joseph Anstoetz KG, Erfal GmbH, Essener<br \/>Tapeten-Import-Gesellschaft mbH, Dieter B\u00f6ckmann<\/p>\n<p>Subpages:<br \/>Services, Upholstery, Contact, About: Adobe Stock<br \/>Flooring: Vorwerk &amp; Co. Teppichwerke GmbH &amp; Co. KG<br \/>Decorations: JAB Joseph Anstoetz KG<br \/>Sun shading: Erfal GmbH<br \/>Wall covering: Essener<br \/>Tapeten-Import-Gesellschaft mbH<br \/>Consulting, Portfolio, About us: Dieter B\u00f6ckmann<\/p>\n<p>This project is co-financed by the European Union (EFRE) and the Free State of Thuringia (Thuringian Ministry for Economic Affairs, Science and Digital Society).<\/p>\n<p>\u00a0<\/p>\n<h2>Impressum<\/h2>\n<p><strong>Der Polster-&amp; Dekorateur- Meister\u2028 Dieter B\u00f6ckmann<\/strong><br \/>Charlottenstra\u00dfe 9<br \/>99096 Erfurt<br \/>Telefon: +49 361\u00a0 3451703<br \/>Telefax: +49 361\u00a0 6449117<br \/>E-Mail:\u00a0\u00a0 info@raumausstattung-boeckmann.de<br \/>Internet: www.raumausstattung-boeckmann.de<br \/>Umsatzsteuer-Identifikationsnummer gem. \u00a727a UStG: USt-IdNr.: DE 150225264<\/p>\n<p>\u00a0<\/p>\n<p><strong>Bildnachweise<\/strong><br \/>Logo: Scholz Concept Design<br \/>Hintergrund Sidebar: Adobe Stock<\/p>\n<p>Startseite:<br \/>Slider: H\u00f6pke GmbH, JAB Joseph Anstoetz KG, Erfal GmbH, Vorwerk &amp; Co. Teppichwerke GmbH &amp; Co. KG, Hotel Landwehrbr\u00e4u<br \/>Teaser: Adobe Stock, Dieter B\u00f6ckmann<br \/>Coverboxen: H\u00f6pke GmbH, JAB Joseph Anstoetz KG, Erfal GmbH, Essener<br \/>Tapeten-Import-Gesellschaft mbH, Dieter B\u00f6ckmann<\/p>\n<p>Unterseiten:<br \/>Leistungen, Polsterei, Kontakt, Impressum: Adobe Stock<br \/>Bodenbel\u00e4ge: Vorwerk &amp; Co. Teppichwerke GmbH &amp; Co. KG<br \/>Dekorationen: JAB Joseph Anstoetz KG<br \/>Sonnenschutz: Erfal GmbH<br \/>Wandbespannung: Essener<br \/>Tapeten-Import-Gesellschaft mbH<br \/>Beratung, Referenzen, \u00dcber uns: Dieter B\u00f6ckmann<\/p>\n<p>Dieses Projekt wird von der Europ\u00e4ischen Union (EFRE) und dem Freistaat Th\u00fcringen (Th\u00fcringer Ministerium f\u00fcr Wirtschaft, Wissenschaft und Digitale Gesellschaft) kofinanziert.<\/p>\n<p>http:\/\/www.thueringen.de\/th6\/tmwwdg\/index.aspx<\/p>\n<h2>About this company<\/h2>\n<p>Information pursuant to Section 5, German Telemedia Act (TMG):<br \/><strong>Der Polster-&amp; Dekorateur- Meister\u2028 Dieter B\u00f6ckmann<\/strong><br \/>Charlottenstra\u00dfe 9<br \/>99096 Erfurt<br \/>Telefon: +49 361\u00a0 3451703<br \/>Telefax: +49 361\u00a0 6449117<br \/>E-Mail:\u00a0\u00a0 info@raumausstattung-boeckmann.de<br \/>Internet: www.raumausstattung-boeckmann.de<\/p>\n<div>VAT ID: Turnover tax identification number pursuant to<\/div>\n<div>Section 27a of the German Turnover Tax Law (UStG): USt-IdNr.: DE 150225264<\/div>\n<p><strong>Credits<\/strong><br \/>Logo: Scholz Concept Design<br \/>Background Sidebar: Adobe Stock<\/p>\n<p>Home:<br \/>Slider: H\u00f6pke GmbH, JAB Joseph Anstoetz KG, Erfal GmbH, Vorwerk &amp; Co. Teppichwerke GmbH &amp; Co. KG, Hotel Landwehrbr\u00e4u<br \/>Teaser: Adobe Stock, Dieter B\u00f6ckmann<br \/>Coverboxes: H\u00f6pke GmbH, JAB Joseph Anstoetz KG, Erfal GmbH, Essener<br \/>Tapeten-Import-Gesellschaft mbH, Dieter B\u00f6ckmann<\/p>\n<p>Subpages:<br \/>Services, Upholstery, Contact, About: Adobe Stock<br \/>Flooring: Vorwerk &amp; Co. Teppichwerke GmbH &amp; Co. KG<br \/>Decorations: JAB Joseph Anstoetz KG<br \/>Sun shading: Erfal GmbH<br \/>Wall covering: Essener<br \/>Tapeten-Import-Gesellschaft mbH<br \/>Consulting, Portfolio, About us: Dieter B\u00f6ckmann<\/p>\n<p>This project is co-financed by the European Union (EFRE) and the Free State of Thuringia (Thuringian Ministry for Economic Affairs, Science and Digital Society).<\/p>\n<p>http:\/\/www.thueringen.de\/th6\/tmwwdg\/index.aspx<\/p>\n\n\n<p><\/p>\n","protected":false},"excerpt":{"rendered":"<p>\u00a0 Impressum Der Polster-&amp; Dekorateur- Meister\u2028 Dieter B\u00f6ckmannCharlottenstra\u00dfe 999096 ErfurtTelefon: +49 361\u00a0 3451703Telefax: +49 361\u00a0 6449117E-Mail:\u00a0\u00a0 info@raumausstattung-boeckmann.deInternet: www.raumausstattung-boeckmann.deUmsatzsteuer-Identifikationsnummer gem. \u00a727a UStG: USt-IdNr.: DE 150225264 \u00a0 BildnachweiseLogo: Scholz Concept DesignHintergrund Sidebar: Adobe Stock Startseite:Slider: H\u00f6pke GmbH, JAB Joseph Anstoetz KG, Erfal GmbH, Vorwerk &amp; Co. Teppichwerke&#8230;<\/p>\n","protected":false},"author":1,"featured_media":0,"parent":0,"menu_order":0,"comment_status":"closed","ping_status":"closed","template":"","meta":[],"_links":{"self":[{"href":"http:\/\/raumausstattung-boeckmann.de\/en\/wp-json\/wp\/v2\/pages\/173"}],"collection":[{"href":"http:\/\/raumausstattung-boeckmann.de\/en\/wp-json\/wp\/v2\/pages"}],"about":[{"href":"http:\/\/raumausstattung-boeckmann.de\/en\/wp-json\/wp\/v2\/types\/page"}],"author":[{"embeddable":true,"href":"http:\/\/raumausstattung-boeckmann.de\/en\/wp-json\/wp\/v2\/users\/1"}],"replies":[{"embeddable":true,"href":"http:\/\/raumausstattung-boeckmann.de\/en\/wp-json\/wp\/v2\/comments?post=173"}],"version-history":[{"count":22,"href":"http:\/\/raumausstattung-boeckmann.de\/en\/wp-json\/wp\/v2\/pages\/173\/revisions"}],"predecessor-version":[{"id":943,"href":"http:\/\/raumausstattung-boeckmann.de\/en\/wp-json\/wp\/v2\/pages\/173\/revisions\/943"}],"wp:attachment":[{"href":"http:\/\/raumausstattung-boeckmann.de\/en\/wp-json\/wp\/v2\/media?parent=173"}],"curies":[{"name":"wp","href":"https:\/\/api.w.org\/{rel}","templated":true}]}}