{"id":21,"date":"2016-09-28T11:35:51","date_gmt":"2016-09-28T09:35:51","guid":{"rendered":"http:\/\/raumausstattung-boeckmann.de\/wordpress\/?page_id=21"},"modified":"2023-03-09T10:31:27","modified_gmt":"2023-03-09T09:31:27","slug":"bodenbelaege","status":"publish","type":"page","link":"http:\/\/raumausstattung-boeckmann.de\/en\/services\/floorings\/","title":{"rendered":"Floorings"},"content":{"rendered":"<p class=\"qtranxs-available-languages-message qtranxs-available-languages-message-en\">Sorry, this entry is only available in <a href=\"http:\/\/raumausstattung-boeckmann.de\/de\/wp-json\/wp\/v2\/pages\/21\" class=\"qtranxs-available-language-link qtranxs-available-language-link-de\" title=\"Deutsch\">German<\/a>. For the sake of viewer convenience, the content is shown below in the alternative language. You may click the link to switch the active language.<\/p><p><\/p>\n<h2>Bodenbel\u00e4ge f\u00fcr jeden Anspruch<\/h2>\n<p>Teppiche, Teppichboden, Parkett, Designbelag, Nadelvlies, PVC- oder Gummibel\u00e4ge, all diese B\u00f6den sind ein wesentlicher Teil Ihrer pers\u00f6nlichen Wohlf\u00fchlatmosph\u00e4re.<\/p>\n<p>Praxisorientierte Eigenschaften wie Strapazierwert, Pflege, Komfort und D\u00e4mmung werden ebenso ber\u00fccksichtigt wie moderne Gestaltungsmuster. Wir f\u00fchren spezielle Bodenbel\u00e4ge f\u00fcr besonders starke Beanspruchung, f\u00fcr Nassr\u00e4ume\u00a0oder auch \u00a0f\u00fcr Fu\u00dfbodenheizung.<\/p>\n<p>Nat\u00fcrlich k\u00fcmmern wir uns auch um die Vorbereitung der Untergr\u00fcnde.<\/p>\n<p>Nutzen Sie unseren Verlege-Service. Wir verspannen auch Ihren Teppichboden. Denken Sie daran: Hersteller garantieren nur dann f\u00fcr Ihr Produkt, wenn der Bodenbelag fachgerecht verlegt worden ist! Wir haben das Know-how und die Spezialwerkzeuge, so dass f\u00fcr uns auch das Verarbeiten von Bodenbel\u00e4gen zum Beispiel auf Treppen\u00a0&#8211; gerade oder gewendelt &#8211; kein Problem ist.<\/p>\n<p>Um f\u00fcr Ihre Anspr\u00fcche den richtigen Bodenbelag zu finden, besuchen Sie uns. Wir beraten Sie gern auch vor Ort und informieren Sie \u00fcber die Eigenschaften des jeweiligen Bodenbelages.<\/p>\n<p>W\u00fcnschen Sie eine Beratung? Dann nehmen Sie <strong><u><a href=\"http:\/\/raumausstattung-boeckmann.de\/kontakt\/\">Kontakt<\/a><\/u><\/strong> mit uns auf.<\/p>","protected":false},"excerpt":{"rendered":"<p>Sorry, this entry is only available in German. For the sake of viewer convenience, the content is shown below in the alternative language. You may click the link to switch the active language. Bodenbel\u00e4ge f\u00fcr jeden Anspruch Teppiche, Teppichboden, Parkett, Designbelag, Nadelvlies, PVC- oder Gummibel\u00e4ge,&#8230;<\/p>\n","protected":false},"author":1,"featured_media":0,"parent":12,"menu_order":0,"comment_status":"closed","ping_status":"closed","template":"","meta":[],"_links":{"self":[{"href":"http:\/\/raumausstattung-boeckmann.de\/en\/wp-json\/wp\/v2\/pages\/21"}],"collection":[{"href":"http:\/\/raumausstattung-boeckmann.de\/en\/wp-json\/wp\/v2\/pages"}],"about":[{"href":"http:\/\/raumausstattung-boeckmann.de\/en\/wp-json\/wp\/v2\/types\/page"}],"author":[{"embeddable":true,"href":"http:\/\/raumausstattung-boeckmann.de\/en\/wp-json\/wp\/v2\/users\/1"}],"replies":[{"embeddable":true,"href":"http:\/\/raumausstattung-boeckmann.de\/en\/wp-json\/wp\/v2\/comments?post=21"}],"version-history":[{"count":19,"href":"http:\/\/raumausstattung-boeckmann.de\/en\/wp-json\/wp\/v2\/pages\/21\/revisions"}],"predecessor-version":[{"id":977,"href":"http:\/\/raumausstattung-boeckmann.de\/en\/wp-json\/wp\/v2\/pages\/21\/revisions\/977"}],"up":[{"embeddable":true,"href":"http:\/\/raumausstattung-boeckmann.de\/en\/wp-json\/wp\/v2\/pages\/12"}],"wp:attachment":[{"href":"http:\/\/raumausstattung-boeckmann.de\/en\/wp-json\/wp\/v2\/media?parent=21"}],"curies":[{"name":"wp","href":"https:\/\/api.w.org\/{rel}","templated":true}]}}