{"id":23,"date":"2016-09-28T11:36:54","date_gmt":"2016-09-28T09:36:54","guid":{"rendered":"http:\/\/raumausstattung-boeckmann.de\/wordpress\/?page_id=23"},"modified":"2023-03-09T10:31:59","modified_gmt":"2023-03-09T09:31:59","slug":"dekorationen","status":"publish","type":"page","link":"http:\/\/raumausstattung-boeckmann.de\/en\/services\/decorations\/","title":{"rendered":"Decoration"},"content":{"rendered":"<p class=\"qtranxs-available-languages-message qtranxs-available-languages-message-en\">Sorry, this entry is only available in <a href=\"http:\/\/raumausstattung-boeckmann.de\/de\/wp-json\/wp\/v2\/pages\/23\" class=\"qtranxs-available-language-link qtranxs-available-language-link-de\" title=\"Deutsch\">German<\/a>. For the sake of viewer convenience, the content is shown below in the alternative language. You may click the link to switch the active language.<\/p><p><\/p>\n<h2>Wir setzen Ihre Fenster gekonnt in Szene<\/h2>\n<p>Mit unseren Gardinen und Vorhangstoffen gestalten wir Ihnen behagliche und individuelle R\u00e4ume. Ihrer Phantasie werden hierbei keine Grenzen gesetzt. Wir bieten Ihnen vom au\u00dfergew\u00f6hnlichen Hingucker bis zum dezenten Blickfang eine reichhaltige Palette interessanter und hochwertiger Kollektionen an.<\/p>\n<p>Durch sorgf\u00e4ltigste Handarbeit, mit einem fachkundigen Wissen um die Besonderheiten des Stoffes und seiner Verarbeitung lassen wir individuelle Meisterwerke entstehen. Gerne realisieren wir Ihre individuellen Dekorationsw\u00fcnsche.<\/p>\n<p>Ob f\u00fcr Gardinen, Vorh\u00e4nge &#8211; blickdicht oder transparent -, Raffrollos,\u00a0Fl\u00e4chenvorh\u00e4nge\u00a0oder Wohnraumaccessoires, wie Tischdecken oder Kissenbez\u00fcge &#8211; bei uns bleiben keine W\u00fcnsche offen.<\/p>\n<p>Dank unterschiedlichster Formen, Farben und Materialien k\u00f6nnen wir\u00a0Ihnen, selbst bei schwierigen Themen wie Dach-, Dreieck- und Giebelfenstern, bemerkenswert sch\u00f6ne L\u00f6sungen anbieten.<\/p>\n<p>Ob Romantik oder Design, wir kleiden Ihre Fenster so ma\u00dfgeschneidert ein, dass sie sich Ihrem Wohnstil anpassen. Unsere Auswahl an Stoffmustern werden Sie inspirieren.<\/p>\n<p>Nat\u00fcrlich d\u00fcrfen auch die Gardinenschienen, Vorhangstangen, Raffrollotechniken, Fl\u00e4chenvorhangsysteme, Zierhaken, Raffhaken, \u00d6sen, Schleuderst\u00e4be und Quasten nicht in unserem Sortiment fehlen. Wir bieten Ihnen viele M\u00f6glichkeiten der Befestigung Ihrer Vorh\u00e4nge.<\/p>\n<p>Haben Sie Fragen oder W\u00fcnsche, dann steht Ihnen unser Service-Team gern zur Verf\u00fcgung.<\/p>\n<p>Treten Sie mit uns in <a href=\"http:\/\/raumausstattung-boeckmann.de\/kontakt\/\">Kontakt<\/a>.<\/p>","protected":false},"excerpt":{"rendered":"<p>Sorry, this entry is only available in German. For the sake of viewer convenience, the content is shown below in the alternative language. You may click the link to switch the active language. Wir setzen Ihre Fenster gekonnt in Szene Mit unseren Gardinen und Vorhangstoffen&#8230;<\/p>\n","protected":false},"author":1,"featured_media":0,"parent":12,"menu_order":0,"comment_status":"closed","ping_status":"closed","template":"","meta":[],"_links":{"self":[{"href":"http:\/\/raumausstattung-boeckmann.de\/en\/wp-json\/wp\/v2\/pages\/23"}],"collection":[{"href":"http:\/\/raumausstattung-boeckmann.de\/en\/wp-json\/wp\/v2\/pages"}],"about":[{"href":"http:\/\/raumausstattung-boeckmann.de\/en\/wp-json\/wp\/v2\/types\/page"}],"author":[{"embeddable":true,"href":"http:\/\/raumausstattung-boeckmann.de\/en\/wp-json\/wp\/v2\/users\/1"}],"replies":[{"embeddable":true,"href":"http:\/\/raumausstattung-boeckmann.de\/en\/wp-json\/wp\/v2\/comments?post=23"}],"version-history":[{"count":13,"href":"http:\/\/raumausstattung-boeckmann.de\/en\/wp-json\/wp\/v2\/pages\/23\/revisions"}],"predecessor-version":[{"id":978,"href":"http:\/\/raumausstattung-boeckmann.de\/en\/wp-json\/wp\/v2\/pages\/23\/revisions\/978"}],"up":[{"embeddable":true,"href":"http:\/\/raumausstattung-boeckmann.de\/en\/wp-json\/wp\/v2\/pages\/12"}],"wp:attachment":[{"href":"http:\/\/raumausstattung-boeckmann.de\/en\/wp-json\/wp\/v2\/media?parent=23"}],"curies":[{"name":"wp","href":"https:\/\/api.w.org\/{rel}","templated":true}]}}