{"id":25,"date":"2016-09-28T11:37:23","date_gmt":"2016-09-28T09:37:23","guid":{"rendered":"http:\/\/raumausstattung-boeckmann.de\/wordpress\/?page_id=25"},"modified":"2023-03-09T10:32:49","modified_gmt":"2023-03-09T09:32:49","slug":"sonnenschutz","status":"publish","type":"page","link":"http:\/\/raumausstattung-boeckmann.de\/en\/services\/sun-shading\/","title":{"rendered":"Sun Shading"},"content":{"rendered":"<p class=\"qtranxs-available-languages-message qtranxs-available-languages-message-en\">Sorry, this entry is only available in <a href=\"http:\/\/raumausstattung-boeckmann.de\/de\/wp-json\/wp\/v2\/pages\/25\" class=\"qtranxs-available-language-link qtranxs-available-language-link-de\" title=\"Deutsch\">German<\/a>. For the sake of viewer convenience, the content is shown below in the alternative language. You may click the link to switch the active language.<\/p><p><\/p>\n<h2>Licht und Schatten<\/h2>\n<p>Plissees, Rollos, Jalousien, Vertikalstores, Markisen oder Beschattungsanlagen\u00a0gestalten R\u00e4ume und hauchen ihnen Leben ein. Nahezu unbegrenzt sind die Fensterformen moderner Architektur &#8211; nahezu unbegrenzt auch die L\u00f6sungen. Sie gibt es mit manueller Bedienung,\u00a0aber auch elektrisch oder bequem per Funk gesteuert.<\/p>\n<p>All diese Modelle inszenieren wahre Licht- und Schattenspiele mit dem Lauf der wandernden Sonne. Viele Farben und Designs bieten Ihnen nahezu unbegrenzte M\u00f6glichkeiten f\u00fcr eine individuelle Raumgestaltung.<\/p>\n<p>Insekten- und Pollenschutz ist auch ein sehr wichtiges Thema.\u00a0Egal ob T\u00fcr, Fenster, Dachfenster, feststehend, als Pendelt\u00fcr oder als Rollo, wir haben f\u00fcr Sie die richtige L\u00f6sung nach Ma\u00df.<\/p>\n<p><strong>Wir sind exklusiver eROLLO Vertriebspartner der Firma erfal GmbH &amp; Co. KG und f\u00fchren das einzigartige und innovative Produkt eRollo by Qmotion.<\/strong><\/p>\n<p>Suchen Sie sich in Ruhe etwas Passendes aus. Wir beraten Sie gern. Nehmen Sie <u><a href=\"http:\/\/raumausstattung-boeckmann.de\/kontakt\/\"><strong>Kontakt<\/strong><\/a><\/u> mit uns auf.<\/p>","protected":false},"excerpt":{"rendered":"<p>Sorry, this entry is only available in German. For the sake of viewer convenience, the content is shown below in the alternative language. You may click the link to switch the active language. Licht und Schatten Plissees, Rollos, Jalousien, Vertikalstores, Markisen oder Beschattungsanlagen\u00a0gestalten R\u00e4ume und&#8230;<\/p>\n","protected":false},"author":1,"featured_media":0,"parent":12,"menu_order":0,"comment_status":"closed","ping_status":"closed","template":"","meta":[],"_links":{"self":[{"href":"http:\/\/raumausstattung-boeckmann.de\/en\/wp-json\/wp\/v2\/pages\/25"}],"collection":[{"href":"http:\/\/raumausstattung-boeckmann.de\/en\/wp-json\/wp\/v2\/pages"}],"about":[{"href":"http:\/\/raumausstattung-boeckmann.de\/en\/wp-json\/wp\/v2\/types\/page"}],"author":[{"embeddable":true,"href":"http:\/\/raumausstattung-boeckmann.de\/en\/wp-json\/wp\/v2\/users\/1"}],"replies":[{"embeddable":true,"href":"http:\/\/raumausstattung-boeckmann.de\/en\/wp-json\/wp\/v2\/comments?post=25"}],"version-history":[{"count":13,"href":"http:\/\/raumausstattung-boeckmann.de\/en\/wp-json\/wp\/v2\/pages\/25\/revisions"}],"predecessor-version":[{"id":981,"href":"http:\/\/raumausstattung-boeckmann.de\/en\/wp-json\/wp\/v2\/pages\/25\/revisions\/981"}],"up":[{"embeddable":true,"href":"http:\/\/raumausstattung-boeckmann.de\/en\/wp-json\/wp\/v2\/pages\/12"}],"wp:attachment":[{"href":"http:\/\/raumausstattung-boeckmann.de\/en\/wp-json\/wp\/v2\/media?parent=25"}],"curies":[{"name":"wp","href":"https:\/\/api.w.org\/{rel}","templated":true}]}}