{"id":27,"date":"2016-09-28T11:37:46","date_gmt":"2016-09-28T09:37:46","guid":{"rendered":"http:\/\/raumausstattung-boeckmann.de\/wordpress\/?page_id=27"},"modified":"2023-03-09T10:34:44","modified_gmt":"2023-03-09T09:34:44","slug":"wandbespannungen","status":"publish","type":"page","link":"http:\/\/raumausstattung-boeckmann.de\/en\/services\/wall-covering\/","title":{"rendered":"Wall Covering"},"content":{"rendered":"<p class=\"qtranxs-available-languages-message qtranxs-available-languages-message-en\">Sorry, this entry is only available in <a href=\"http:\/\/raumausstattung-boeckmann.de\/de\/wp-json\/wp\/v2\/pages\/27\" class=\"qtranxs-available-language-link qtranxs-available-language-link-de\" title=\"Deutsch\">German<\/a>. For the sake of viewer convenience, the content is shown below in the alternative language. You may click the link to switch the active language.<\/p><p><\/p>\n<div class=\"zpColumnItem\">\n<div class=\"articlearea\" data-type=\"inline-editing\" data-context=\"article\" data-area-name=\"Standard\" data-item-id=\"1301\" data-item-state=\"active\">\n<h2>Wandkleider, mal was ganz anderes<\/h2>\n<p>Es muss nicht immer Tapete oder Wandfarbe sein! Die Stoffbespannung ist wohl die \u00e4lteste Form der Wanddekoration. Sie ist eine sehr edle Alternative zur Tapete oder dem Farbauftrag. Die M\u00f6glichkeit der Abstimmung mit Vorhangstoffen und den \u00fcbrigen Raumtextilien schafft eine besonders wohnliche Atmosph\u00e4re.<\/p>\n<p>Denn Raumgestaltung endet schlie\u00dflich nicht am Fenster. Es er\u00f6ffnet uns als Raumausstatter Ihnen echte Komplettl\u00f6sungen anzubieten. Noch dazu solche, die weitaus mehr Funktionen erf\u00fcllen , als es herk\u00f6mmliche Tapeten oder Farbbeschichtungen jemals k\u00f6nnten.<\/p>\n<p><strong>\u00dcberragende Vorteile von stoffverkleideten W\u00e4nden sind:<\/strong><\/p>\n<ul>\n<li>gute Schall- und W\u00e4rmeisolierung<\/li>\n<li>Untergrundvorbereitung entf\u00e4llt<\/li>\n<li>schnelle, saubere und trockene Arbeitsweise bei Renovierungen<\/li>\n<li>keine Geruchsbel\u00e4stigung<\/li>\n<li>im Objektbereich fast keine Beeintr\u00e4chtigung des laufenden Betriebes<\/li>\n<\/ul>\n<p>Haben wir Sie neugierig gemacht, dann nehmen Sie mit uns <strong><u><a href=\"http:\/\/raumausstattung-boeckmann.de\/kontakt\/\">Kontakt<\/a><\/u><\/strong> auf.<\/p>\n<\/div>\n<\/div>\n<p><\/p>","protected":false},"excerpt":{"rendered":"<p>Sorry, this entry is only available in German. For the sake of viewer convenience, the content is shown below in the alternative language. You may click the link to switch the active language. Wandkleider, mal was ganz anderes Es muss nicht immer Tapete oder Wandfarbe&#8230;<\/p>\n","protected":false},"author":1,"featured_media":0,"parent":12,"menu_order":0,"comment_status":"closed","ping_status":"closed","template":"","meta":[],"_links":{"self":[{"href":"http:\/\/raumausstattung-boeckmann.de\/en\/wp-json\/wp\/v2\/pages\/27"}],"collection":[{"href":"http:\/\/raumausstattung-boeckmann.de\/en\/wp-json\/wp\/v2\/pages"}],"about":[{"href":"http:\/\/raumausstattung-boeckmann.de\/en\/wp-json\/wp\/v2\/types\/page"}],"author":[{"embeddable":true,"href":"http:\/\/raumausstattung-boeckmann.de\/en\/wp-json\/wp\/v2\/users\/1"}],"replies":[{"embeddable":true,"href":"http:\/\/raumausstattung-boeckmann.de\/en\/wp-json\/wp\/v2\/comments?post=27"}],"version-history":[{"count":17,"href":"http:\/\/raumausstattung-boeckmann.de\/en\/wp-json\/wp\/v2\/pages\/27\/revisions"}],"predecessor-version":[{"id":989,"href":"http:\/\/raumausstattung-boeckmann.de\/en\/wp-json\/wp\/v2\/pages\/27\/revisions\/989"}],"up":[{"embeddable":true,"href":"http:\/\/raumausstattung-boeckmann.de\/en\/wp-json\/wp\/v2\/pages\/12"}],"wp:attachment":[{"href":"http:\/\/raumausstattung-boeckmann.de\/en\/wp-json\/wp\/v2\/media?parent=27"}],"curies":[{"name":"wp","href":"https:\/\/api.w.org\/{rel}","templated":true}]}}