{"id":29,"date":"2016-09-28T11:38:14","date_gmt":"2016-09-28T09:38:14","guid":{"rendered":"http:\/\/raumausstattung-boeckmann.de\/wordpress\/?page_id=29"},"modified":"2023-03-09T10:29:10","modified_gmt":"2023-03-09T09:29:10","slug":"beratung","status":"publish","type":"page","link":"http:\/\/raumausstattung-boeckmann.de\/en\/services\/consulting\/","title":{"rendered":"Consulting"},"content":{"rendered":"<p class=\"qtranxs-available-languages-message qtranxs-available-languages-message-en\">Sorry, this entry is only available in <a href=\"http:\/\/raumausstattung-boeckmann.de\/de\/wp-json\/wp\/v2\/pages\/29\" class=\"qtranxs-available-language-link qtranxs-available-language-link-de\" title=\"Deutsch\">German<\/a>. For the sake of viewer convenience, the content is shown below in the alternative language. You may click the link to switch the active language.<\/p><p><\/p>\n<h2>Guter Service ist auch immer Vertrauenssache<\/h2>\n<p>Das ist die Basis unserer Arbeit. Wir sind vom ersten Gespr\u00e4ch \u00fcber die Planung bis zur Umsetzung und \u00dcbergabe an Ihrer Seite.<\/p>\n<p>Kompetent, pers\u00f6nlich und zuverl\u00e4ssig sehen wir jede Aufgabe als Ganzes. Mit umfassenden Beratungs- und Serviceleistungen auf allen Ebenen, so zum Beispiel\u00a0:<\/p>\n<ul>\n<li>Beratung und Ausmessen vor Ort<\/li>\n<li>Trend-Empfehlungen<\/li>\n<li>Collagen- Anfertigung<\/li>\n<li>Anfertigung und Montage individueller Dekorationen und das alles aus unserem eigenen N\u00e4h-Atelier<\/li>\n<li>Polsterarbeiten<\/li>\n<li>fachgerecht beraten, ausmessen, entfernen, \u00a0vorbereiten und \u00a0verlegen von Bodenbel\u00e4gen<\/li>\n<li>Gardinen-Waschservice<\/li>\n<li>Reinigungs &#8211; und Pflegemittel f\u00fcr Ihre Gardinen, Polsterm\u00f6bel \u00a0und Bodenbel\u00e4ge<\/li>\n<li>Grundreinigung und Einpflege von allen elastischen Bodenbel\u00e4gen (z.Bsp. in Arztpraxen)<\/li>\n<li>hochwertige Farben und Tapeten<\/li>\n<\/ul>\n<p>Wir gehen auf Ihre W\u00fcnsche ein. Bei uns ist (fast) alles m\u00f6glich.<\/p>\n<p><\/p>","protected":false},"excerpt":{"rendered":"<p>Sorry, this entry is only available in German. For the sake of viewer convenience, the content is shown below in the alternative language. You may click the link to switch the active language. Guter Service ist auch immer Vertrauenssache Das ist die Basis unserer Arbeit&#8230;.<\/p>\n","protected":false},"author":1,"featured_media":0,"parent":12,"menu_order":0,"comment_status":"closed","ping_status":"closed","template":"","meta":[],"_links":{"self":[{"href":"http:\/\/raumausstattung-boeckmann.de\/en\/wp-json\/wp\/v2\/pages\/29"}],"collection":[{"href":"http:\/\/raumausstattung-boeckmann.de\/en\/wp-json\/wp\/v2\/pages"}],"about":[{"href":"http:\/\/raumausstattung-boeckmann.de\/en\/wp-json\/wp\/v2\/types\/page"}],"author":[{"embeddable":true,"href":"http:\/\/raumausstattung-boeckmann.de\/en\/wp-json\/wp\/v2\/users\/1"}],"replies":[{"embeddable":true,"href":"http:\/\/raumausstattung-boeckmann.de\/en\/wp-json\/wp\/v2\/comments?post=29"}],"version-history":[{"count":38,"href":"http:\/\/raumausstattung-boeckmann.de\/en\/wp-json\/wp\/v2\/pages\/29\/revisions"}],"predecessor-version":[{"id":974,"href":"http:\/\/raumausstattung-boeckmann.de\/en\/wp-json\/wp\/v2\/pages\/29\/revisions\/974"}],"up":[{"embeddable":true,"href":"http:\/\/raumausstattung-boeckmann.de\/en\/wp-json\/wp\/v2\/pages\/12"}],"wp:attachment":[{"href":"http:\/\/raumausstattung-boeckmann.de\/en\/wp-json\/wp\/v2\/media?parent=29"}],"curies":[{"name":"wp","href":"https:\/\/api.w.org\/{rel}","templated":true}]}}