{"id":892,"date":"2019-05-28T10:42:57","date_gmt":"2019-05-28T08:42:57","guid":{"rendered":"http:\/\/raumausstattung-boeckmann.de\/?page_id=892"},"modified":"2023-03-09T10:34:41","modified_gmt":"2023-03-09T09:34:41","slug":"news","status":"publish","type":"page","link":"http:\/\/raumausstattung-boeckmann.de\/en\/news\/","title":{"rendered":"News"},"content":{"rendered":"<p class=\"qtranxs-available-languages-message qtranxs-available-languages-message-en\">Sorry, this entry is only available in <a href=\"http:\/\/raumausstattung-boeckmann.de\/de\/wp-json\/wp\/v2\/pages\/892\" class=\"qtranxs-available-language-link qtranxs-available-language-link-de\" title=\"Deutsch\">German<\/a>. For the sake of viewer convenience, the content is shown below in the alternative language. You may click the link to switch the active language.<\/p><p><\/p>\n<h2>Wohn(t)r\u00e4ume kinderleicht online gestalten<\/h2>\n<p>[Realistisch, vielf\u00e4ltig und einfach \u2013 f\u00fcr eine sichere Kaufentscheidung. Das ist der neue MEGA Designer powered by materialo \u2013 eine optimale Online-Planungshilfe f\u00fcr Renovierungs- oder Modernisierungsma\u00dfnahmen.<\/p>\n<div class=\"frame frame-default frame-type-text frame-layout-0\">\n<h2>MHZ Au\u00dfenrollo Solix<\/h2>\n<p>Das leichte au\u00dfenliegende Rollo sch\u00fctzt zuverl\u00e4ssig vor Hitze und \u2013 in der Variante mit Insektenschutz \u2013 gleichzeitig vor ungebetenen Plagegeistern. Es passt in nahezu alle Fenster, kann ganz einfach nachger\u00fcstet werden und eignet sich somit ideal f\u00fcr Bestandsimmobilien, Mietwohnungen und denkmalgesch\u00fctzte Geb\u00e4ude.<\/p>\n<p style=\"padding-left: 30px;\">&#8211; Einfache Montage ohne Besch\u00e4digung von Fenster und Fassade<\/p>\n<\/div>\n<div class=\"frame frame-default frame-type-text frame-layout-0\" style=\"padding-left: 30px;\">\n<p>&#8211; Kabelloser Akkubetrieb des Funkmotors, optional: Solarbetrieb<\/p>\n<p>&#8211; Bis zu 70% weniger W\u00e4rmeeintrag im Raum<\/p>\n<\/div>\n<p>Wir beraten Sie gern. Besuchen Sie unserer Gesch\u00e4ft in Erfurt oder nehmen Sie <strong><span style=\"font-family: 'Calibri',sans-serif;\"><a href=\"http:\/\/raumausstattung-boeckmann.de\/kontakt\/\">Kontakt<\/a><\/span><\/strong> mit uns auf.<\/p>\n<p><\/p>","protected":false},"excerpt":{"rendered":"<p>Sorry, this entry is only available in German. For the sake of viewer convenience, the content is shown below in the alternative language. You may click the link to switch the active language. Wohn(t)r\u00e4ume kinderleicht online gestalten [Realistisch, vielf\u00e4ltig und einfach \u2013 f\u00fcr eine sichere&#8230;<\/p>\n","protected":false},"author":1,"featured_media":0,"parent":0,"menu_order":0,"comment_status":"closed","ping_status":"closed","template":"","meta":[],"_links":{"self":[{"href":"http:\/\/raumausstattung-boeckmann.de\/en\/wp-json\/wp\/v2\/pages\/892"}],"collection":[{"href":"http:\/\/raumausstattung-boeckmann.de\/en\/wp-json\/wp\/v2\/pages"}],"about":[{"href":"http:\/\/raumausstattung-boeckmann.de\/en\/wp-json\/wp\/v2\/types\/page"}],"author":[{"embeddable":true,"href":"http:\/\/raumausstattung-boeckmann.de\/en\/wp-json\/wp\/v2\/users\/1"}],"replies":[{"embeddable":true,"href":"http:\/\/raumausstattung-boeckmann.de\/en\/wp-json\/wp\/v2\/comments?post=892"}],"version-history":[{"count":24,"href":"http:\/\/raumausstattung-boeckmann.de\/en\/wp-json\/wp\/v2\/pages\/892\/revisions"}],"predecessor-version":[{"id":988,"href":"http:\/\/raumausstattung-boeckmann.de\/en\/wp-json\/wp\/v2\/pages\/892\/revisions\/988"}],"wp:attachment":[{"href":"http:\/\/raumausstattung-boeckmann.de\/en\/wp-json\/wp\/v2\/media?parent=892"}],"curies":[{"name":"wp","href":"https:\/\/api.w.org\/{rel}","templated":true}]}}